{"id":621,"date":"2018-05-23T08:34:37","date_gmt":"2018-05-23T08:34:37","guid":{"rendered":"http:\/\/www.pensiuneazbor.ro\/?page_id=621"},"modified":"2018-05-23T11:51:17","modified_gmt":"2018-05-23T11:51:17","slug":"politica-de-confidentialitate","status":"publish","type":"page","link":"https:\/\/www.pensiuneazbor.ro\/mystaging01\/politica-de-confidentialitate\/","title":{"rendered":"Politic\u0103 de confiden\u021bialitate"},"content":{"rendered":"<p><strong>Informare privind prelucrarea datelor cu caracter personal <\/strong><\/p>\n<p><strong><em>Modific\u0103ri ale documentului<\/em><\/strong>: Aceast\u0103 Informare privind prelucrarea datelor cu caracter personal este actualizat\u0103 periodic; ori de c\u00e2te ori vom face o modificare, o vom afi\u0219a pe site-ul nostru web&nbsp; www.pensiuneazbor.ro \u0219i v\u0103 vom anun\u021ba.<\/p>\n<p>&nbsp;<strong><em>Data ultimei actualiz\u0103ri<\/em><\/strong>: mai 2018<\/p>\n<p><em>Modul de utilizare al acestei inform\u0103ri<\/em><\/p>\n<p>\u00cen aceast\u0103 informare, explic\u0103m modul \u00een care procesam, inclusiv colect\u0103m, utiliz\u0103m, facem schimb de \u0219i protej\u0103m datele dvs. cu caracter personal, atunci c\u00e2nd serviciile noastre, precum \u0219i site-ul nostru web.<\/p>\n<p><em><strong>Cine suntem Suntem<\/strong>:<\/em> &nbsp;Pautex SRL, Registrul comertului:J12\/3458\/2004, Cod fiscal: RO17031893, Sediu:Tractoristilor Nr 3 Cluj-Napoca, Romania.Num\u0103rul nostru de telefon la care ne puteti contacta : +<strong>40744-663-700&nbsp;<\/strong>sau ne pute\u021bi trimite un e-mail folosind formularul de contact de pe site-ul nostru <a href=\"http:\/\/www.pensiuneazbor.ro.ro\">www.pensiuneazbor.ro<\/a> sau prin email <a href=\"mailto:rgdp@pensiuneazbor.ro\">rgdp@pensiuneazbor.ro<\/a> sau prin posta.<\/p>\n<p>&nbsp;<\/p>\n<p>Principiile noastre Pautex \u0219i-a luat angajamentul s\u0103 v\u0103 respecte via\u021ba privat\u0103. Lu\u0103m \u00een serios protec\u021bia datelor, securitatea \u0219i conformarea cu legisla\u021bia privind protec\u021bia datelor cu caracter personal \u0219i a vie\u021bii private.<\/p>\n<p>Pautex SRL proceseaz\u0103 \u0219i stocheaz\u0103 date cu caracter personal \u00een UE \u0219i este capabil\u0103 s\u0103 demonstreze la orice moment conformitatea cu legile Uniunii Europene c\u00e2t \u0219i cu principiile stabilite \u00een acest document.Toate website-urile detinu\u021be de c\u0103tre Pautex SRL sunt \u00een conformitate cu Regulamentul General de Protec\u021bie a Datelor (&#8220;GDPR&#8221;), (Regulament (EU) 2016\/679), care este un act legislativ obligatoriu.<\/p>\n<p>Aceast\u0103 declara\u021bie de confiden\u021bialitate se afl\u0103 \u00een responsabilitatea Pautex SRL, care de\u021bine responsabilitatea general\u0103 pentru asigurarea conformit\u0103\u021bii. Ofi\u021berul de Protec\u021bie a Datelor (DPO) este responsabil pentru implementarea politicii noastre de confiden\u021bialitate, care este intrinsec legat\u0103 de declara\u021bia de confiden\u021bialitate. DPO asigur\u0103 conformitatea de zi cu zi \u0219i este implicat \u00een toate problemele legate de protec\u021bia datelor personale.<\/p>\n<ol>\n<li><strong>Principii de protec\u021bie a datelor<\/strong><strong>&nbsp;<\/strong><\/li>\n<\/ol>\n<ul>\n<li>Colectarea datelor personale se va face numai \u00een scopurile specificate, explicite \u0219i legitime.&nbsp; Datele nu vor fi procesate c\u0103tre ter\u021bi \u00eentr-o manier\u0103 incompatibil\u0103 cu acele scopuri;<\/li>\n<li>Datele personale vor fi exacte, iar acolo unde este necesar, actualizate;<\/li>\n<li>Procesarea datelor personale se va face \u00eentr-o manier\u0103 legal\u0103, corect\u0103 \u0219i transparent\u0103;<\/li>\n<li>Toate datele personale vor fi p\u0103strate confiden\u021bial \u0219i stocate \u00eentr-o manier\u0103 ce asigur\u0103 securitatea necesar\u0103;<\/li>\n<li>Datele personale nu vor fi distribuite persoanelor ter\u021be<\/li>\n<li>Persoanele vizate au dreptul de a solicita accesul la datele personale, rectificarea \u0219i \u0219tergerea acestora, \u00eempotrivirea sau restric\u021bionarea de la procesarea datelor.&nbsp;<\/li>\n<\/ul>\n<ol start=\"2\">\n<li><strong>Datele personale<\/strong><\/li>\n<\/ol>\n<ul>\n<li>Date personale \u00eenseamn\u0103 orice informa\u021bie care poate fi legat\u0103 de o persoan\u0103 fizic\u0103 identificat\u0103 sau identificabil\u0103 (persoana subiect).<\/li>\n<li>Datele personale includ toate tipurile de informa\u021bii directe sau indirecte (\u0219i anume utilizate \u00een leg\u0103tur\u0103 cu alte date) ce se refer\u0103 la persoana subiect, cum ar fi nume, adrese, adrese de e-mail, numere de telefon.&nbsp;<\/li>\n<\/ul>\n<ol start=\"3\">\n<li><strong>Colectarea datelor personale<\/strong><\/li>\n<\/ol>\n<p>&nbsp;&nbsp;&nbsp;&nbsp;&nbsp;&nbsp;&nbsp; Datele pe care le colect\u0103m pot include urm\u0103toarele:<\/p>\n<ul>\n<li>Numele \u0219i datele de contact (Colect\u0103m numele \u0219i prenumele dvs., adresa de e-mail, num\u0103rul de telefon)<\/li>\n<li>Colect\u0103m date despre dispozitivul dvs. \u0219i despre modul \u00een care dvs. \u0219i dispozitivul interac\u021biona\u021bi cu website-ul nostru.<\/li>\n<li>Colect\u0103m date despre caracteristicile pe care le utiliza\u021bi, paginile web pe care le vizita\u021bi.<\/li>\n<li>Colect\u0103m date despre dispozitivul \u0219i re\u021beaua pe care le utiliza\u021bi pentru a v\u0103 conecta la produsele noastre. Acestea includ date despre sistemele de operare \u0219i aplica\u021biile software instalate pe dispozitivul dvs., inclusiv cheile de produs. De asemenea, includ adresa IP, set\u0103rile regionale \u0219i set\u0103rile de limb\u0103.<\/li>\n<\/ul>\n<ol start=\"4\">\n<li><strong>Scopul colectarii datelor personale<\/strong><\/li>\n<\/ol>\n<ul>\n<li>Scopul colectarii este pentru analizarea traficului de date pe care dumneavoastra il efectuati in momentul navigarii pe site-ul nostru.<\/li>\n<li>Pentru a va putea contacta telefonic sau email in cazul deschiderii unei solicitari prin formularul de contact.<\/li>\n<li>Emiterea facturii pentru serviciile prestate catre dumneavoastra atunci cand este cazul.<\/li>\n<\/ul>\n<ol start=\"5\">\n<li><strong>Utilizarea datelor personale<\/strong><\/li>\n<\/ol>\n<ul>\n<li>vom utiliza datele personale numai pentru scopul \u00een care au fost colectate \u0219i vom stoca datele doar at\u00e2t c\u00e2t este necesar pentru scopul mai sus men\u021bionat.<\/li>\n<li>vom p\u0103stra informa\u021biile clientului pentru perioada \u00een care contul s\u0103u este activ, pentru oricare din scopurile men\u021bionate mai sus (pct. 4).<\/li>\n<li>vom pastra inregistrariile navigarii pe website-ul nostru pe o perioada de maxim 3 luni.&nbsp;<\/li>\n<li>accesul la datele personale este strict limitat personalului Pautex, organelor de control abilitate ale statului roman sau a oricarui stat membru UE.<\/li>\n<\/ul>\n<ol start=\"6\">\n<li><strong> Securitatea proces\u0103rii<\/strong><\/li>\n<\/ol>\n<p>Vom procesa datele \u00een mod sigur, vom aplica \u0219i men\u021bine m\u0103suri tehnice adecvate pentru a proteja datele personale \u00eempotriva distrugerii sau pierderii accidentale sau ilegale, alterare, divulgare sau acces neautorizat, \u00een mod special atunci c\u00e2nd procesarea presupune transmiterea datelor printr-o re\u021bea at\u00e2t c\u00e2t \u0219i \u00eempotriva oric\u0103rei alte forme de procesare ilegal\u0103.<\/p>\n<p>\u00centreb\u0103ri legate de securitatea datelor personale pot fi trimise c\u0103tre DPO la adresa de email&nbsp;gdpr@pensiuneazbor.ro<\/p>\n<ol start=\"7\">\n<li><strong> Accesul \u0219i rectificarea sau \u0219tergerea datelor personale<\/strong><\/li>\n<\/ol>\n<ul>\n<li>clien\u021bii au dreptul de a solicita \u00een orice moment accesul la: &nbsp;rectificarea, portabilitatea, \u0219tergerea sau restric\u021bionarea proces\u0103rii datelor colectate.<\/li>\n<li>pentru p\u0103strarea datelor personale actualizate, recomand\u0103m utilizatorilor s\u0103 ne informeze despre orice schimbare sau discrepan\u021b\u0103.<\/li>\n<\/ul>\n<p>Pentru vizualizarea sau modificarea datelor personale sau pentru a ob\u021bine informa\u021bii legate de datele personale (am stocat sau am prelucrat oricare din datele dvs. cu caracter personal ), &nbsp;v\u0103 rug\u0103m contacta\u021bi DPO la adresa de email gdpr@pensiuneazbor.ro.<\/p>\n<p>Cerere semnat\u0103 \u0219i datat\u0103.<\/p>\n<ol start=\"8\">\n<li><strong> Pl\u00e2ngeri<\/strong><\/li>\n<\/ol>\n<ul>\n<li>clien\u021bii au dreptul s\u0103 adreseze o pl\u00e2ngere legat\u0103 de procesarea datelor lor personale. Toate \u00eentreb\u0103rile \u0219i pl\u00e2ngerile vor fi prelucrate de c\u0103tre DPO \u00een timp util \u0219i \u00een concordan\u021b\u0103 cu procedurile interne.&nbsp;<\/li>\n<\/ul>\n<p>&nbsp;Pl\u00e2ngerile pot fi trimise la DPO,&nbsp;&nbsp;<a href=\"mailto:gdpr@pensiuneazbor.ro\">gdpr@pensiuneazbor.ro<\/a><\/p>\n<ul>\n<li>\u00een cazul improbabil \u00een care clien\u021bii au suferit daune din cauza \u00eenc\u0103lc\u0103rii drepturilor conform politicii de protec\u021bie a datelor personale \u0219i Pautex SRL nu a tratat pl\u00e2ngerea \u00een mod corespunz\u0103tor, clien\u021bii au posibilitatea de a trimite o pl\u00e2ngere autorit\u0103\u021bii superioare(&nbsp;<a href=\"http:\/\/www.dataprotection.ro\/\">ANSPDCP<\/a>) .<\/li>\n<\/ul>\n<ol start=\"9\">\n<li><strong> Modific\u0103ri ale acestei politici<\/strong><\/li>\n<\/ol>\n<p>Aceast\u0103 politic\u0103 poate fi actualizat\u0103 din c\u00e2nd \u00een c\u00e2nd, de exemplu \u00een urma modific\u0103rii legisla\u021biei relevante sau schimb\u0103rii structurii corporative \u00een cadrul PAUTEX SRL.<\/p>\n<p>\u00cen cazul \u00een care se fac modific\u0103ri ale acestui material, clien\u021bii vor fi notifica\u021bi pe e-mail sau prin intermediul website-ului \u00eenainte ca schimb\u0103rile s\u0103 intre \u00een vigoare.<\/p>\n<p>\u00cencuraj\u0103m clien\u021bii s\u0103 verifice aceast\u0103 pagin\u0103 periodic pentru a fi informa\u021bi despre ultimele nout\u0103\u021bi \u00een ceea ce prive\u0219te practicile noastre de confiden\u021bialitate.<\/p>\n<p>&nbsp;<\/p>\n<h2><strong>PRIN CITIREA DOCUMENTULUI A\u021aI LUAT LA CUNO\u0218TIN\u021a\u0102 FAPTUL C\u0102 V\u0102 SUNT GARANTATE DREPTURILE PREVAZUTE DE LEGE, RESPECTIV DREPTUL LA INFORMARE, DREPTUL DE ACCES LA DATE, DREPTUL DE INTERVEN\u021aIE, DREPTUL DE OPOZI\u021aIE, DREPTUL DE A NU FI SUPUS UNEI DECIZII INDIVIDUALE, DREPTUL DE V\u0102 ADRESA JUSTI\u021aIEI \u00ceN CAZ DE \u00ceNCALCARE A DREPTURILOR, &nbsp;GARANTATE DE LEGEA 677\/2001 PENTRU PROTEC\u021aIA PERSOANELOR CU PRIVIRE LA PRELUCRAREA DATELOR CU CARACTER PERSONAL,&nbsp; \u0218I LIBERA CIRCULA\u021aIE A ACESTOR DATE.<\/strong><\/h2>\n","protected":false},"excerpt":{"rendered":"<p>Informare privind prelucrarea datelor cu caracter personal Modific\u0103ri ale documentului: Aceast\u0103 Informare privind prelucrarea datelor cu caracter personal este actualizat\u0103 periodic; ori de c\u00e2te ori vom face o modificare, o vom afi\u0219a pe site-ul nostru web&nbsp; www.pensiuneazbor.ro \u0219i v\u0103 vom anun\u021ba. &nbsp;Data ultimei actualiz\u0103ri: mai 2018 Modul de utilizare al acestei inform\u0103ri \u00cen aceast\u0103 informare, [&hellip;]<\/p>\n","protected":false},"author":1,"featured_media":0,"parent":0,"menu_order":0,"comment_status":"closed","ping_status":"closed","template":"","meta":{"saved_in_kubio":false,"ngg_post_thumbnail":0,"footnotes":""},"kubio_ai_page_context":{"short_desc":"","purpose":"general"},"_links":{"self":[{"href":"https:\/\/www.pensiuneazbor.ro\/mystaging01\/wp-json\/wp\/v2\/pages\/621"}],"collection":[{"href":"https:\/\/www.pensiuneazbor.ro\/mystaging01\/wp-json\/wp\/v2\/pages"}],"about":[{"href":"https:\/\/www.pensiuneazbor.ro\/mystaging01\/wp-json\/wp\/v2\/types\/page"}],"author":[{"embeddable":true,"href":"https:\/\/www.pensiuneazbor.ro\/mystaging01\/wp-json\/wp\/v2\/users\/1"}],"replies":[{"embeddable":true,"href":"https:\/\/www.pensiuneazbor.ro\/mystaging01\/wp-json\/wp\/v2\/comments?post=621"}],"version-history":[{"count":2,"href":"https:\/\/www.pensiuneazbor.ro\/mystaging01\/wp-json\/wp\/v2\/pages\/621\/revisions"}],"predecessor-version":[{"id":625,"href":"https:\/\/www.pensiuneazbor.ro\/mystaging01\/wp-json\/wp\/v2\/pages\/621\/revisions\/625"}],"wp:attachment":[{"href":"https:\/\/www.pensiuneazbor.ro\/mystaging01\/wp-json\/wp\/v2\/media?parent=621"}],"curies":[{"name":"wp","href":"https:\/\/api.w.org\/{rel}","templated":true}]}}